{"id":59,"date":"2025-11-11T09:17:27","date_gmt":"2025-11-11T09:17:27","guid":{"rendered":"https:\/\/www.sanctisepulchri.org\/?page_id=59"},"modified":"2026-01-17T18:51:40","modified_gmt":"2026-01-17T18:51:40","slug":"delegati","status":"publish","type":"page","link":"https:\/\/www.sanctisepulchri.org\/?page_id=59","title":{"rendered":"Delegati"},"content":{"rendered":"<div class=\"fusion-fullwidth fullwidth-box fusion-builder-row-1 fusion-flex-container has-pattern-background has-mask-background nonhundred-percent-fullwidth non-hundred-percent-height-scrolling\" style=\"--awb-border-radius-top-left:0px;--awb-border-radius-top-right:0px;--awb-border-radius-bottom-right:0px;--awb-border-radius-bottom-left:0px;--awb-margin-top:5%;--awb-margin-bottom:5%;--awb-flex-wrap:wrap;\" ><div class=\"fusion-builder-row fusion-row fusion-flex-align-items-flex-start fusion-flex-content-wrap\" style=\"max-width:1248px;margin-left: calc(-4% \/ 2 );margin-right: calc(-4% \/ 2 );\"><div class=\"fusion-layout-column fusion_builder_column fusion-builder-column-0 fusion_builder_column_1_1 1_1 fusion-flex-column\" style=\"--awb-bg-size:cover;--awb-width-large:100%;--awb-margin-top-large:0px;--awb-spacing-right-large:1.92%;--awb-margin-bottom-large:20px;--awb-spacing-left-large:1.92%;--awb-width-medium:100%;--awb-order-medium:0;--awb-spacing-right-medium:1.92%;--awb-spacing-left-medium:1.92%;--awb-width-small:100%;--awb-order-small:0;--awb-spacing-right-small:1.92%;--awb-spacing-left-small:1.92%;\"><div class=\"fusion-column-wrapper fusion-column-has-shadow fusion-flex-justify-content-flex-start fusion-content-layout-column\"><div class=\"fusion-title title fusion-title-1 fusion-sep-none fusion-title-center fusion-title-text fusion-title-size-three fusion-animated\" style=\"--awb-margin-top:4%;--awb-margin-bottom:4%;\" data-animationType=\"slideInDown\" data-animationDuration=\"1.0\" data-animationOffset=\"top-into-view\"><h3 class=\"fusion-title-heading title-heading-center\" style=\"margin:0;\">DELEGATI<\/h3><\/div><div class=\"fusion-text fusion-text-1 fusion-animated fusion-text-no-margin\" style=\"--awb-margin-bottom:5%;\" data-animationType=\"slideInUp\" data-animationDuration=\"1.0\" data-animationOffset=\"top-into-view\"><div class=\"fusion-fullwidth fullwidth-box nonhundred-percent-fullwidth non-hundred-percent-height-scrolling\">\n<p>Il Maestro Generale ha facolt\u00e0 di nominare \u201c<em>motu proprio<\/em>\u201d alcune cariche scegliendo l\u2019incaricato tra i Priori o tra i Cavalieri. La prassi vuole che il Maestro Generale consulti i Priori anche in modo informale (cio\u00e8 al di fuori di un Gran Capitolo) circa i nomi da scegliere. Nel corso del Convento tenutosi a Busca (CN) in data 21 Settembre 2013 il Gran Maestro ha decretato le seguenti cariche:<\/p>\n<\/div>\n<\/div><\/div><\/div><div class=\"fusion-layout-column fusion_builder_column fusion-builder-column-1 fusion_builder_column_1_2 1_2 fusion-flex-column fusion-animated\" style=\"--awb-padding-top:5%;--awb-padding-right:5%;--awb-padding-bottom:5%;--awb-padding-left:5%;--awb-bg-color:#f4e5b5;--awb-bg-color-hover:#f4e5b5;--awb-bg-size:cover;--awb-width-large:50%;--awb-margin-top-large:0px;--awb-spacing-right-large:3.84%;--awb-margin-bottom-large:20px;--awb-spacing-left-large:3.84%;--awb-width-medium:50%;--awb-order-medium:0;--awb-spacing-right-medium:3.84%;--awb-spacing-left-medium:3.84%;--awb-width-small:100%;--awb-order-small:0;--awb-spacing-right-small:1.92%;--awb-spacing-left-small:1.92%;\" data-animationType=\"bounceInLeft\" data-animationDuration=\"1.4\" data-animationOffset=\"top-into-view\"><div class=\"fusion-column-wrapper fusion-column-has-shadow fusion-flex-justify-content-flex-start fusion-content-layout-column\"><div class=\"fusion-title title fusion-title-2 fusion-sep-none fusion-title-center fusion-title-text fusion-title-size-three\" style=\"--awb-margin-bottom:5%;\"><h3 class=\"fusion-title-heading title-heading-center\" style=\"font-family:&quot;Quattrocento Sans&quot;;font-style:normal;font-weight:400;margin:0;\"><p style=\"text-align: center;\">Gran Precettore<\/p><\/h3><\/div><div class=\"fusion-text fusion-text-2\"><p style=\"text-align: justify;\">E&#8217; il termine che viene dal dato a quel Priore o Cavaliere il quale, su nomina da parte del Gran Maestro, riceve l\u2019incarico di istruire ma anche di vigilare affinch\u00e9 il comportamento dei fratelli sia chiaro, umile, obbediente ed uniforme a quanto stabilito negli statuti dell\u2019Ordine ed ancora di pi\u00f9 nella Regola.<br \/>\nIl termine \u00e8 di derivazione latina. \u201c<em>Praeceptor<\/em>\u201d \u00e8 un termine composto da \u201c<em>prae<\/em>\u201d e \u201c<em>cipere<\/em>\u201d; sta ad indicare\u00a0 \u201c<em>colui che istruisce<\/em>\u201d ma anche \u201c<em>colui che osserva l\u2019attuazione delle regole<\/em>\u201d. La carica \u00e8 affidata al\u00a0<strong>fratello Cav. Giuseppe<\/strong>\u00a0(Beppe) <strong>Beltrutti di San Biagio<\/strong> il quale assume il ruolo di <strong>Grande Ufficiale dell\u2019Ordine<\/strong>. Il fratello Giuseppe ricopre anche la carica di <strong>Priore Generale supplente<\/strong>.<\/p>\n<\/div><\/div><\/div><div class=\"fusion-layout-column fusion_builder_column fusion-builder-column-2 fusion_builder_column_1_2 1_2 fusion-flex-column fusion-flex-align-self-stretch fusion-animated\" style=\"--awb-padding-top:5%;--awb-padding-right:5%;--awb-padding-bottom:5%;--awb-padding-left:5%;--awb-bg-color:#f4e5b5;--awb-bg-color-hover:#f4e5b5;--awb-bg-size:cover;--awb-width-large:50%;--awb-margin-top-large:0px;--awb-spacing-right-large:3.84%;--awb-margin-bottom-large:20px;--awb-spacing-left-large:3.84%;--awb-width-medium:50%;--awb-order-medium:0;--awb-spacing-right-medium:3.84%;--awb-spacing-left-medium:3.84%;--awb-width-small:100%;--awb-order-small:0;--awb-spacing-right-small:1.92%;--awb-spacing-left-small:1.92%;\" data-animationType=\"bounceInRight\" data-animationDuration=\"1.4\" data-animationOffset=\"top-into-view\"><div class=\"fusion-column-wrapper fusion-column-has-shadow fusion-flex-justify-content-flex-start fusion-content-layout-column\"><div class=\"fusion-title title fusion-title-3 fusion-sep-none fusion-title-center fusion-title-text fusion-title-size-three\" style=\"--awb-margin-bottom:5%;\"><h3 class=\"fusion-title-heading title-heading-center\" style=\"font-family:&quot;Quattrocento Sans&quot;;font-style:normal;font-weight:400;margin:0;\"><p style=\"text-align: center;\">Gran Siniscalco<\/p><\/h3><\/div><div class=\"fusion-text fusion-text-3\"><p style=\"text-align: justify;\">E&#8217; il termine che viene dato a quel Priore o Cavaliere il quale, su nomina da parte del Priore Generale, riceve l\u2019incarico di difendere e conservare il \u201c<em>Bouceant<\/em>\u201d, che \u00e8 lo stendardo Bianco-Nero dell\u2019Ordine, ed i \u201c<em>Sigillo dell\u2019Ordine<\/em>\u201d. Il termine \u00e8 di derivazione latina e sta a indicare \u201c<em>il pi\u00f9 vecchio servitore\u201d (in latino seniscalcus)<\/em>: Solitamente lo si da ad un priore anziano. Attualmente il Gran Siniscalco prender\u00e0 in consegna il Bouceant dell\u2019Ordine (bandiera per met\u00e0 nera, in alto e per met\u00e0 bianca, in basso con al centro la rossa croce della Povera Militia). La carica \u00e8 affidata a\u00a0<strong>fratello Cav. Giovanni<\/strong>\u00a0<strong>Calosso <\/strong>il quale assume il ruolo di <strong>Grande Ufficiale dell\u2019Ordine<\/strong>. Il fratello Giovanni ricopre anche la carica di <strong>Maestro di Casa<\/strong>.<\/p>\n<\/div><\/div><\/div><div class=\"fusion-layout-column fusion_builder_column fusion-builder-column-3 fusion_builder_column_1_2 1_2 fusion-flex-column fusion-animated\" style=\"--awb-padding-top:5%;--awb-padding-right:5%;--awb-padding-bottom:5%;--awb-padding-left:5%;--awb-bg-color:#f4e5b5;--awb-bg-color-hover:#f4e5b5;--awb-bg-size:cover;--awb-width-large:50%;--awb-margin-top-large:4%;--awb-spacing-right-large:3.84%;--awb-margin-bottom-large:20px;--awb-spacing-left-large:3.84%;--awb-width-medium:50%;--awb-order-medium:0;--awb-spacing-right-medium:3.84%;--awb-spacing-left-medium:3.84%;--awb-width-small:100%;--awb-order-small:0;--awb-spacing-right-small:1.92%;--awb-spacing-left-small:1.92%;\" data-animationType=\"bounceInLeft\" data-animationDuration=\"1.4\" data-animationOffset=\"top-into-view\"><div class=\"fusion-column-wrapper fusion-column-has-shadow fusion-flex-justify-content-flex-start fusion-content-layout-column\"><div class=\"fusion-title title fusion-title-4 fusion-sep-none fusion-title-center fusion-title-text fusion-title-size-three\" style=\"--awb-margin-bottom:5%;\"><h3 class=\"fusion-title-heading title-heading-center\" style=\"font-family:&quot;Quattrocento Sans&quot;;font-style:normal;font-weight:400;margin:0;\"><p style=\"text-align: center;\">Gran Maresciallo<\/p><\/h3><\/div><div class=\"fusion-text fusion-text-4\"><p style=\"text-align: justify;\">E&#8217; il termine dato dal Priore Generale a quel Priore o Cavaliere il quale riceve l\u2019incarico di essere responsabile della disciplina durante i Conventi del Capitolo Generale dell\u2019Ordine. Ha il compito di sovraintendere affinch\u00e9 le direttive emanate dal Priore Generale siano eseguite. Nel passato il Gran Maresciallo era il responsabile delle scuderie. Oggi, in assenza di cavalli, il suo ruolo \u00e8 quello di occuparsi dell\u2019ordine e dell\u2019attrezzatura dei Cavalieri. Nel passato era anche custode, oltre che dei cavalli, anche del bottino di guerra e delle armi dei Cavalieri. Il termine maresciallo deriva dal latino \u201c<em>marescalcus<\/em>\u201d, parola che nasce dalla combinazione di due termini \u201c<em>marck<\/em>\u201d (che in gaelico indica cavallo) e \u201d<em>scalcus\u201d<\/em> (che in latino indica servitore). E\u2019 curioso il fatto che anche in lingua araba il termine suona simile in quanto composto di \u201cmarah\u201d (cavallo) e \u201cskalk\u201d servo. La carica \u00e8 affidata al <strong>Cav. Pierluigi Capra<\/strong> il quale pertanto assume il ruolo di <strong>Grande Ufficiale dell&#8217;Ordine<\/strong>.<\/p>\n<\/div><\/div><\/div><div class=\"fusion-layout-column fusion_builder_column fusion-builder-column-4 fusion_builder_column_1_2 1_2 fusion-flex-column fusion-flex-align-self-stretch fusion-animated\" style=\"--awb-padding-top:5%;--awb-padding-right:5%;--awb-padding-bottom:5%;--awb-padding-left:5%;--awb-bg-color:#f4e5b5;--awb-bg-color-hover:#f4e5b5;--awb-bg-size:cover;--awb-width-large:50%;--awb-margin-top-large:4%;--awb-spacing-right-large:3.84%;--awb-margin-bottom-large:20px;--awb-spacing-left-large:3.84%;--awb-width-medium:50%;--awb-order-medium:0;--awb-spacing-right-medium:3.84%;--awb-spacing-left-medium:3.84%;--awb-width-small:100%;--awb-order-small:0;--awb-spacing-right-small:1.92%;--awb-spacing-left-small:1.92%;\" data-animationType=\"bounceInRight\" data-animationDuration=\"1.4\" data-animationOffset=\"top-into-view\"><div class=\"fusion-column-wrapper fusion-column-has-shadow fusion-flex-justify-content-flex-start fusion-content-layout-column\"><div class=\"fusion-title title fusion-title-5 fusion-sep-none fusion-title-center fusion-title-text fusion-title-size-three\" style=\"--awb-margin-bottom:5%;\"><h3 class=\"fusion-title-heading title-heading-center\" style=\"font-family:&quot;Quattrocento Sans&quot;;font-style:normal;font-weight:400;margin:0;\"><p style=\"text-align: center;\">Gran Cancelliere<\/p><\/h3><\/div><div class=\"fusion-text fusion-text-5\"><p style=\"text-align: justify;\"><strong>o Gran Segretario<\/strong>: \u00e8 il termine che viene dato a quel Priore o Cavaliere il quale, su nomina da parte del Gran Maestro, riceve l\u2019incarico di occuparsi della Segreteria Generale dell\u2019Ordine. Il Gran Cancelliere si occuper\u00e0 della realizzazione dell\u2019anagrafe dell\u2019Ordine e della tenuta scrupolosa dei vari libri dell\u2019Ordine cos\u00ec come indicato nello statuto.<\/p>\n<p>La carica \u00e8 affidata al\u00a0<strong>fratello Cav. Giacomo Tommaso<\/strong>\u00a0<strong>Beltrutti di San Biagio<\/strong> il quale assume il ruolo di Grande Ufficiale dell\u2019Ordine.<\/p>\n<p>e.mail della Cancelleria:\u00a0<a href=\"mailto:sancrisepulchri@gmail.com\">sanctisepulchri@gmail.com<\/a><\/p>\n<\/div><\/div><\/div><div class=\"fusion-layout-column fusion_builder_column fusion-builder-column-5 fusion_builder_column_1_2 1_2 fusion-flex-column fusion-animated\" style=\"--awb-padding-top:5%;--awb-padding-right:5%;--awb-padding-bottom:5%;--awb-padding-left:5%;--awb-bg-color:#f4e5b5;--awb-bg-color-hover:#f4e5b5;--awb-bg-size:cover;--awb-width-large:50%;--awb-margin-top-large:4%;--awb-spacing-right-large:3.84%;--awb-margin-bottom-large:20px;--awb-spacing-left-large:3.84%;--awb-width-medium:50%;--awb-order-medium:0;--awb-spacing-right-medium:3.84%;--awb-spacing-left-medium:3.84%;--awb-width-small:100%;--awb-order-small:0;--awb-spacing-right-small:1.92%;--awb-spacing-left-small:1.92%;\" data-animationType=\"bounceInLeft\" data-animationDuration=\"1.4\" data-animationOffset=\"top-into-view\"><div class=\"fusion-column-wrapper fusion-column-has-shadow fusion-flex-justify-content-flex-start fusion-content-layout-column\"><div class=\"fusion-title title fusion-title-6 fusion-sep-none fusion-title-center fusion-title-text fusion-title-size-three\" style=\"--awb-margin-bottom:5%;\"><h3 class=\"fusion-title-heading title-heading-center\" style=\"font-family:&quot;Quattrocento Sans&quot;;font-style:normal;font-weight:400;margin:0;\"><p style=\"text-align: center;\">Gran Visitatore<\/p><\/h3><\/div><div class=\"fusion-text fusion-text-6\"><p style=\"text-align: justify;\">E&#8217; il termine che viene dal dato a quel Priore o Cavaliere il quale, su nomina da parte del Gran Priore, riceve l\u2019incarico di \u201c<em>andare a vedere<\/em>\u201d. Ci\u00f2 in quanto il termine \u201c<em>visitare<\/em>\u201d deriva \u201cdal latino \u201c<em>visere<\/em>\u201d che significa appunto \u201candare a vedere\u201d. Si tratta quindi della carica di \u201cGrande Ispettore\u201d. Ispettore, dal latino \u201c<em>inspicere<\/em>\u201d sta ad indicare \u201c<em>guardare dentro<\/em>\u201d. E\u2019 l\u2019inviato del Gran Priore con compiti di verifica e controllo sull\u2019operato delle Case, delle Priorie e della Magioni. Si tratta anche in questo caso di un incarico delicato in quanto a lui dovr\u00e0 essere garantito l\u2019accesso senza riserve a qualsiasi documento. La carica attualmente \u00e8 affidata al <strong>fratello Cav. Ignazio<\/strong> Soddu il quale assume il ruolo di Grande Ufficiale dell\u2019Ordine. Il fratello Ignazio ricopre anche la carica di Capitano delle Guardie.<\/p>\n<\/div><\/div><\/div><div class=\"fusion-layout-column fusion_builder_column fusion-builder-column-6 fusion_builder_column_1_2 1_2 fusion-flex-column fusion-flex-align-self-stretch fusion-animated\" style=\"--awb-padding-top:5%;--awb-padding-right:5%;--awb-padding-bottom:5%;--awb-padding-left:5%;--awb-bg-color:#f4e5b5;--awb-bg-color-hover:#f4e5b5;--awb-bg-size:cover;--awb-width-large:50%;--awb-margin-top-large:4%;--awb-spacing-right-large:3.84%;--awb-margin-bottom-large:20px;--awb-spacing-left-large:3.84%;--awb-width-medium:50%;--awb-order-medium:0;--awb-spacing-right-medium:3.84%;--awb-spacing-left-medium:3.84%;--awb-width-small:100%;--awb-order-small:0;--awb-spacing-right-small:1.92%;--awb-spacing-left-small:1.92%;\" data-animationType=\"bounceInRight\" data-animationDuration=\"1.4\" data-animationOffset=\"top-into-view\"><div class=\"fusion-column-wrapper fusion-column-has-shadow fusion-flex-justify-content-flex-start fusion-content-layout-column\"><div class=\"fusion-title title fusion-title-7 fusion-sep-none fusion-title-center fusion-title-text fusion-title-size-three\" style=\"--awb-margin-bottom:5%;\"><h3 class=\"fusion-title-heading title-heading-center\" style=\"font-family:&quot;Quattrocento Sans&quot;;font-style:normal;font-weight:400;margin:0;\"><p style=\"text-align: center;\">Gran Ospitaliere<\/p><\/h3><\/div><div class=\"fusion-text fusion-text-7\"><p style=\"text-align: justify;\">E&#8217; il termine che viene dato a quel Priore o Cavaliere il quale, su nomina da parte del Gran Maestro, riceve un duplice incarico. Il Fratello Grande Ospitaliere ha l\u2019incarico di tenere costantemente informato il Gran Maestro circa i fratelli che dovessero essere colpiti da malattia od infortunio o che a causa di motivi di salute si trovassero in stato di necessit\u00e0.<br \/>\nIl fratello Grande Ospitaliere ha un secondo incarico che \u00e8 quello di occuparsi di tutto quanto attiene agli aspetti organizzativi connessi alle visite del Gran Maestro alle diverse Priorie. La carica viene affidata al fratello\u00a0<strong>Cav. Massimo Spica<\/strong>\u00a0il quale assume il ruolo di Grande Ufficiale dell\u2019Ordine.<\/p>\n<\/div><\/div><\/div><div class=\"fusion-layout-column fusion_builder_column fusion-builder-column-7 fusion_builder_column_1_2 1_2 fusion-flex-column fusion-animated\" style=\"--awb-padding-top:5%;--awb-padding-right:5%;--awb-padding-bottom:5%;--awb-padding-left:5%;--awb-bg-color:#f4e5b5;--awb-bg-color-hover:#f4e5b5;--awb-bg-size:cover;--awb-width-large:50%;--awb-margin-top-large:4%;--awb-spacing-right-large:3.84%;--awb-margin-bottom-large:20px;--awb-spacing-left-large:3.84%;--awb-width-medium:50%;--awb-order-medium:0;--awb-spacing-right-medium:3.84%;--awb-spacing-left-medium:3.84%;--awb-width-small:100%;--awb-order-small:0;--awb-spacing-right-small:1.92%;--awb-spacing-left-small:1.92%;\" data-animationType=\"bounceInLeft\" data-animationDuration=\"1.4\" data-animationOffset=\"top-into-view\"><div class=\"fusion-column-wrapper fusion-column-has-shadow fusion-flex-justify-content-flex-start fusion-content-layout-column\"><div class=\"fusion-title title fusion-title-8 fusion-sep-none fusion-title-center fusion-title-text fusion-title-size-three\" style=\"--awb-margin-bottom:5%;\"><h3 class=\"fusion-title-heading title-heading-center\" style=\"font-family:&quot;Quattrocento Sans&quot;;font-style:normal;font-weight:400;margin:0;\"><p style=\"text-align: center;\">Gran Elemosiniere<\/p><\/h3><\/div><div class=\"fusion-text fusion-text-8\"><p style=\"text-align: justify;\">E&#8217; il termine che viene dato a quel Priore o Cavaliere il quale, su nomina da parte del Gran Maestro, riceve un incarico duplice e cio\u00e8 quello di ricercare e custodire l\u2019\u201ce<em>lemosyna<\/em>\u201c (termine latino che sta ad indicare \u201c<em>avere compassione per gli altri<\/em>\u201d). Oggi con il termine Elemosiniere ci si riferisce a colui che \u00e8 responsabile del reperimento dei fondi e della custodia dei beni dell\u2019Ordine. L\u2019altro incarico insito nel ruolo di Grande Elemosiniere \u00e8 quello di sovraintendere al buon funzionamento delle cerimonie dell\u2019Ordine in cui sia presente il Gran Maestro.\u00a0La carica \u00e8 affidata al fratello\u00a0<strong>Cav. Fiorenzo Cincotti <\/strong>\u00a0il quale assume il ruolo di <strong>Grande Ufficiale dell\u2019Ordine<\/strong>.<\/p>\n<\/div><\/div><\/div><div class=\"fusion-layout-column fusion_builder_column fusion-builder-column-8 fusion_builder_column_1_2 1_2 fusion-flex-column fusion-animated\" style=\"--awb-padding-top:5%;--awb-padding-right:5%;--awb-padding-bottom:5%;--awb-padding-left:5%;--awb-bg-color:#f4e5b5;--awb-bg-color-hover:#f4e5b5;--awb-bg-size:cover;--awb-width-large:50%;--awb-margin-top-large:4%;--awb-spacing-right-large:3.84%;--awb-margin-bottom-large:20px;--awb-spacing-left-large:3.84%;--awb-width-medium:50%;--awb-order-medium:0;--awb-spacing-right-medium:3.84%;--awb-spacing-left-medium:3.84%;--awb-width-small:100%;--awb-order-small:0;--awb-spacing-right-small:1.92%;--awb-spacing-left-small:1.92%;\" data-animationType=\"bounceInLeft\" data-animationDuration=\"1.4\" data-animationOffset=\"top-into-view\"><div class=\"fusion-column-wrapper fusion-column-has-shadow fusion-flex-justify-content-flex-start fusion-content-layout-column\"><div class=\"fusion-title title fusion-title-9 fusion-sep-none fusion-title-center fusion-title-text fusion-title-size-three\" style=\"--awb-margin-bottom:5%;\"><h3 class=\"fusion-title-heading title-heading-center\" style=\"font-family:&quot;Quattrocento Sans&quot;;font-style:normal;font-weight:400;margin:0;\"><p style=\"text-align: center;\">Gran Cerimoniere<\/p><\/h3><\/div><div class=\"fusion-text fusion-text-9\"><p style=\"text-align: justify;\">E&#8217; il termine che viene dato a quel Priore o Cavaliere il quale, su nomina da parte del Gran Maestro, riceve l&#8217;incarico di preparare e dirigere le cerimonie. Coordina il saluto allo stendardo, garantisce ordine e solennit\u00e0 alle cerimonie. Coordina l&#8217;esecuzione dei riti, controlla le uniformi, le musiche; verifica che le regole dell&#8217;ordine siano rispettate. Gestisce in modo particolare i nuovi membri, occupandosi dei loro movimenti<\/p>\n<p>La carica \u00e8 affidata al fratello\u00a0<strong>Cav. Liborio Fraccica <\/strong>il quale assume il ruolo di <strong>Grande Ufficiale dell\u2019Ordine<\/strong>.<\/p>\n<\/div><\/div><\/div><div class=\"fusion-layout-column fusion_builder_column fusion-builder-column-9 fusion_builder_column_1_2 1_2 fusion-flex-column fusion-flex-align-self-stretch fusion-animated\" style=\"--awb-padding-top:5%;--awb-padding-right:5%;--awb-padding-bottom:5%;--awb-padding-left:5%;--awb-bg-color:#f4e5b5;--awb-bg-color-hover:#f4e5b5;--awb-bg-size:cover;--awb-width-large:50%;--awb-margin-top-large:4%;--awb-spacing-right-large:3.84%;--awb-margin-bottom-large:20px;--awb-spacing-left-large:3.84%;--awb-width-medium:50%;--awb-order-medium:0;--awb-spacing-right-medium:3.84%;--awb-spacing-left-medium:3.84%;--awb-width-small:100%;--awb-order-small:0;--awb-spacing-right-small:1.92%;--awb-spacing-left-small:1.92%;\" data-animationType=\"bounceInRight\" data-animationDuration=\"1.4\" data-animationOffset=\"top-into-view\"><div class=\"fusion-column-wrapper fusion-column-has-shadow fusion-flex-justify-content-flex-start fusion-content-layout-column\"><div class=\"fusion-title title fusion-title-10 fusion-sep-none fusion-title-center fusion-title-text fusion-title-size-three\" style=\"--awb-margin-bottom:5%;\"><h3 class=\"fusion-title-heading title-heading-center\" style=\"font-family:&quot;Quattrocento Sans&quot;;font-style:normal;font-weight:400;margin:0;\"><p style=\"text-align: center;\">Responsabile dei Media<\/p><\/h3><\/div><div class=\"fusion-text fusion-text-10\"><p>La gestione della presenza online dei siti dell&#8217;Ordine, la creazione di contenuti (testi, immagini, video), la pianificazione delle pubblicazioni, la cura della reputazione cos\u00ec come i report fotografici sono affidati al <strong>Cav. Giovanni Andrea Beltrutti di San Biagio<\/strong> il quale pertanto ricopre il ruolo di <strong>Grande Ufficiale dell&#8217;Ordine.<\/strong><\/p>\n<\/div><\/div><\/div><div class=\"fusion-layout-column fusion_builder_column fusion-builder-column-10 fusion_builder_column_1_2 1_2 fusion-flex-column fusion-flex-align-self-stretch fusion-animated\" style=\"--awb-padding-top:5%;--awb-padding-right:5%;--awb-padding-bottom:5%;--awb-padding-left:5%;--awb-bg-color:#f4e5b5;--awb-bg-color-hover:#f4e5b5;--awb-bg-size:cover;--awb-width-large:50%;--awb-margin-top-large:4%;--awb-spacing-right-large:3.84%;--awb-margin-bottom-large:20px;--awb-spacing-left-large:3.84%;--awb-width-medium:50%;--awb-order-medium:0;--awb-spacing-right-medium:3.84%;--awb-spacing-left-medium:3.84%;--awb-width-small:100%;--awb-order-small:0;--awb-spacing-right-small:1.92%;--awb-spacing-left-small:1.92%;\" data-animationType=\"bounceInRight\" data-animationDuration=\"1.4\" data-animationOffset=\"top-into-view\"><div class=\"fusion-column-wrapper fusion-column-has-shadow fusion-flex-justify-content-flex-start fusion-content-layout-column\"><div class=\"fusion-title title fusion-title-11 fusion-sep-none fusion-title-center fusion-title-text fusion-title-size-three\" style=\"--awb-margin-bottom:5%;\"><h3 class=\"fusion-title-heading title-heading-center\" style=\"font-family:&quot;Quattrocento Sans&quot;;font-style:normal;font-weight:400;margin:0;\"><p style=\"text-align: center;\">Cappellania<\/p><\/h3><\/div><div class=\"fusion-text fusion-text-11\"><p>E&#8217; l\u2019organo costituito da religiosi i quali ricevono dal Gran Maestro l\u2019incarico di curare e sovrintendere il percorso spirituale dell\u2019Ordine e dei singoli membri. Si tratta di un gruppo di religiosi che opereranno al fine di coordinare e indicare il percorso di fede dei Cavalieri.<\/p>\n<p>Sono membri della Cappellania i\u00a0<strong>fratelli sacerdoti Cav. Don Gianni B., Don Michele M, Don Paolo<\/strong> <strong>C.<\/strong><\/p>\n<\/div><\/div><\/div><\/div><\/div>\n","protected":false},"excerpt":{"rendered":"","protected":false},"author":1,"featured_media":0,"parent":0,"menu_order":0,"comment_status":"closed","ping_status":"closed","template":"100-width.php","meta":{"footnotes":""},"class_list":["post-59","page","type-page","status-publish","hentry"],"_links":{"self":[{"href":"https:\/\/www.sanctisepulchri.org\/index.php?rest_route=\/wp\/v2\/pages\/59","targetHints":{"allow":["GET"]}}],"collection":[{"href":"https:\/\/www.sanctisepulchri.org\/index.php?rest_route=\/wp\/v2\/pages"}],"about":[{"href":"https:\/\/www.sanctisepulchri.org\/index.php?rest_route=\/wp\/v2\/types\/page"}],"author":[{"embeddable":true,"href":"https:\/\/www.sanctisepulchri.org\/index.php?rest_route=\/wp\/v2\/users\/1"}],"replies":[{"embeddable":true,"href":"https:\/\/www.sanctisepulchri.org\/index.php?rest_route=%2Fwp%2Fv2%2Fcomments&post=59"}],"version-history":[{"count":28,"href":"https:\/\/www.sanctisepulchri.org\/index.php?rest_route=\/wp\/v2\/pages\/59\/revisions"}],"predecessor-version":[{"id":2658,"href":"https:\/\/www.sanctisepulchri.org\/index.php?rest_route=\/wp\/v2\/pages\/59\/revisions\/2658"}],"wp:attachment":[{"href":"https:\/\/www.sanctisepulchri.org\/index.php?rest_route=%2Fwp%2Fv2%2Fmedia&parent=59"}],"curies":[{"name":"wp","href":"https:\/\/api.w.org\/{rel}","templated":true}]}}